{"id":149,"date":"2013-10-10T10:40:23","date_gmt":"2013-10-10T12:40:23","guid":{"rendered":"http:\/\/67.225.215.142\/~mba\/sitio\/?page_id=149"},"modified":"2019-09-26T21:23:18","modified_gmt":"2019-09-26T23:23:18","slug":"nuestra-empresa","status":"publish","type":"page","link":"https:\/\/www.mbasociados.com.uy\/sitio\/nuestra-empresa\/","title":{"rendered":"Nuestra Empresa"},"content":{"rendered":"<p><a href=\"http:\/\/67.225.215.142\/~mba\/sitio\/wp-content\/uploads\/2013\/10\/logo51.png\"><img decoding=\"async\" class=\"alignnone size-full wp-image-155 aligncenter\" alt=\"logo5\" src=\"http:\/\/67.225.215.142\/~mba\/sitio\/wp-content\/uploads\/2013\/10\/logo51.png\" width=\"220\" height=\"97\" srcset=\"https:\/\/www.mbasociados.com.uy\/sitio\/wp-content\/uploads\/2013\/10\/logo51.png 220w, https:\/\/www.mbasociados.com.uy\/sitio\/wp-content\/uploads\/2013\/10\/logo51-150x66.png 150w\" sizes=\"(max-width: 220px) 100vw, 220px\" \/><\/a><\/p>\n<p>&nbsp;<\/p>\n<p>&nbsp;<\/p>\n<p><strong><\/strong><strong>MBAsociados<\/strong>, es una empresa joven y en crecimiento, dedicada a la compra \u2013 venta y alquiler de bienes inmuebles, como tambi\u00e9n a remates y tasaciones, en Uruguay. La experiencia adquirida, mediante el curso laboral y acad\u00e9mico, en el \u00e1mbito de los negocios inmobiliarios, remates y tasaciones, nos permite introducirnos, desarrollarnos y proceder con dominio, agilidad y eficiencia en un mercado exigente.<\/p>\n<p><strong>Finalidad<\/strong><\/p>\n<p>Nuestro objetivo es ofrecer un compromiso confiable y claro con nuestros clientes para brindarles las mejores oportunidades y la mayor satisfacci\u00f3n, contribuyendo tambi\u00e9n con el desarrollo econ\u00f3mico de nuestro pa\u00eds.<\/p>\n<p><strong>Quienes somos&nbsp;<\/strong><\/p>\n<p>Hoy,&nbsp;<strong>MBAsociados<\/strong>&nbsp;est\u00e1 integrado por profesionales y consultores inmobiliarios, altamente capacitados y calificados, que promete el manejo responsable y transparente de los negocios e intereses de sus clientes.<\/p>\n","protected":false},"excerpt":{"rendered":"<p>&nbsp; &nbsp; MBAsociados, es una empresa joven y en crecimiento, dedicada a la compra \u2013 venta y alquiler de bienes inmuebles, como tambi\u00e9n a remates y tasaciones, en Uruguay. La experiencia adquirida, mediante el curso laboral y acad\u00e9mico, en el \u00e1mbito de los negocios inmobiliarios, remates y tasaciones, nos permite introducirnos, desarrollarnos y proceder con&#8230;<\/p>\n","protected":false},"author":1,"featured_media":0,"parent":0,"menu_order":0,"comment_status":"closed","ping_status":"open","template":"templates\/full-width.php","meta":[],"_links":{"self":[{"href":"https:\/\/www.mbasociados.com.uy\/sitio\/wp-json\/wp\/v2\/pages\/149"}],"collection":[{"href":"https:\/\/www.mbasociados.com.uy\/sitio\/wp-json\/wp\/v2\/pages"}],"about":[{"href":"https:\/\/www.mbasociados.com.uy\/sitio\/wp-json\/wp\/v2\/types\/page"}],"author":[{"embeddable":true,"href":"https:\/\/www.mbasociados.com.uy\/sitio\/wp-json\/wp\/v2\/users\/1"}],"replies":[{"embeddable":true,"href":"https:\/\/www.mbasociados.com.uy\/sitio\/wp-json\/wp\/v2\/comments?post=149"}],"version-history":[{"count":3,"href":"https:\/\/www.mbasociados.com.uy\/sitio\/wp-json\/wp\/v2\/pages\/149\/revisions"}],"predecessor-version":[{"id":3734,"href":"https:\/\/www.mbasociados.com.uy\/sitio\/wp-json\/wp\/v2\/pages\/149\/revisions\/3734"}],"wp:attachment":[{"href":"https:\/\/www.mbasociados.com.uy\/sitio\/wp-json\/wp\/v2\/media?parent=149"}],"curies":[{"name":"wp","href":"https:\/\/api.w.org\/{rel}","templated":true}]}}